{"id":1862,"date":"2025-12-23T07:57:50","date_gmt":"2025-12-23T07:57:50","guid":{"rendered":"https:\/\/nymphaea.mtariicrisurilor.ro\/content-2025\/"},"modified":"2026-01-26T09:20:51","modified_gmt":"2026-01-26T09:20:51","slug":"content-2025","status":"publish","type":"page","link":"https:\/\/nymphaea.mtariicrisurilor.ro\/en\/content-2025\/","title":{"rendered":"Content 2025"},"content":{"rendered":"\t\t<div data-elementor-type=\"wp-page\" data-elementor-id=\"1862\" class=\"elementor elementor-1862 elementor-1789\" data-elementor-post-type=\"page\">\n\t\t\t\t<div class=\"elementor-element elementor-element-a50040a e-flex e-con-boxed e-con e-parent\" data-id=\"a50040a\" data-element_type=\"container\" data-settings=\"{&quot;jet_parallax_layout_list&quot;:[]}\">\n\t\t\t\t\t<div class=\"e-con-inner\">\n\t\t<div class=\"elementor-element elementor-element-ad5397c e-flex e-con-boxed e-con e-child\" data-id=\"ad5397c\" data-element_type=\"container\" data-settings=\"{&quot;jet_parallax_layout_list&quot;:[]}\">\n\t\t\t\t\t<div class=\"e-con-inner\">\n\t\t\t\t<div class=\"elementor-element elementor-element-2a7f8b2 elementor-widget elementor-widget-image\" data-id=\"2a7f8b2\" data-element_type=\"widget\" data-widget_type=\"image.default\">\n\t\t\t\t<div class=\"elementor-widget-container\">\n\t\t\t\t\t\t\t\t\t\t\t\t\t\t\t<img fetchpriority=\"high\" decoding=\"async\" width=\"1024\" height=\"341\" src=\"https:\/\/nymphaea.mtariicrisurilor.ro\/wp-content\/uploads\/2024\/02\/poza-home-1024x341.webp\" class=\"attachment-large size-large wp-image-78\" alt=\"\" srcset=\"https:\/\/nymphaea.mtariicrisurilor.ro\/wp-content\/uploads\/2024\/02\/poza-home-1024x341.webp 1024w, https:\/\/nymphaea.mtariicrisurilor.ro\/wp-content\/uploads\/2024\/02\/poza-home-300x100.webp 300w, https:\/\/nymphaea.mtariicrisurilor.ro\/wp-content\/uploads\/2024\/02\/poza-home-768x256.webp 768w, https:\/\/nymphaea.mtariicrisurilor.ro\/wp-content\/uploads\/2024\/02\/poza-home-600x200.webp 600w, https:\/\/nymphaea.mtariicrisurilor.ro\/wp-content\/uploads\/2024\/02\/poza-home.webp 1200w\" sizes=\"(max-width: 1024px) 100vw, 1024px\" \/>\t\t\t\t\t\t\t\t\t\t\t\t\t\t\t<\/div>\n\t\t\t\t<\/div>\n\t\t<div class=\"elementor-element elementor-element-bb294d3 e-flex e-con-boxed e-con e-child\" data-id=\"bb294d3\" data-element_type=\"container\" data-settings=\"{&quot;background_background&quot;:&quot;classic&quot;,&quot;jet_parallax_layout_list&quot;:[]}\">\n\t\t\t\t\t<div class=\"e-con-inner\">\n\t\t\t\t<div class=\"elementor-element elementor-element-45a557d elementor-widget elementor-widget-spacer\" data-id=\"45a557d\" data-element_type=\"widget\" data-widget_type=\"spacer.default\">\n\t\t\t\t<div class=\"elementor-widget-container\">\n\t\t\t\t\t\t\t<div class=\"elementor-spacer\">\n\t\t\t<div class=\"elementor-spacer-inner\"><\/div>\n\t\t<\/div>\n\t\t\t\t\t\t<\/div>\n\t\t\t\t<\/div>\n\t\t\t\t<div class=\"elementor-element elementor-element-441fa15 elementor-widget elementor-widget-text-editor\" data-id=\"441fa15\" data-element_type=\"widget\" data-widget_type=\"text-editor.default\">\n\t\t\t\t<div class=\"elementor-widget-container\">\n\t\t\t\t\t\t\t\t\t<p><strong>NYMPHAEA 2025 CONTENTS<\/strong><\/p>\n<p><strong>Geology-Paleontology<\/strong><br \/>VLAD A. CODREA, L\u00c1SZL\u00d3 VERESS, ERIKA POSMO\u0218ANU: The Pleistocene<br \/>vertebrates identified in Ro\u0219iori (Bihor County, northwestern Romania)\u2026\u2026\u2026\u2026\u2026\u2026\u2026\u2026\u2026\u2026. 5<\/p>\n<p><a href=\"https:\/\/nymphaea.mtariicrisurilor.ro\/wp-content\/uploads\/2025\/12\/1-VLAD-CODREA-LASZLO-VERESS-ERIKA-POSMOSANU.pdf\">Full article<\/a><\/p>\n<p>L\u00c1SZL\u00d3 VERESS, VLAD A. CODREA: Sirenians between myth and science &#8230;&#8230;&#8230;&#8230;&#8230;&#8230;&#8230;&#8230; 33<\/p>\n<p><a href=\"https:\/\/nymphaea.mtariicrisurilor.ro\/wp-content\/uploads\/2025\/12\/2-LASZLO-VERESS-VLAD-CODREA.pdf\">Full article<\/a><\/p>\n<p><strong>Biology<\/strong><\/p>\n<p>OANA-ALINA BOIU-SICUIA, GHEORGHE COTE\u021a, ALINA-NICOLETA<br \/>PARASCHIV: Phytopatogens associated with the sweet potato crops cultivated<br \/>in Romania &#8230;&#8230;&#8230;&#8230;&#8230;&#8230;&#8230;&#8230;&#8230;&#8230;&#8230;&#8230;&#8230;&#8230;&#8230;&#8230;&#8230;&#8230;&#8230;&#8230;&#8230;&#8230;&#8230;&#8230;&#8230;&#8230;&#8230;&#8230;&#8230;&#8230;&#8230;&#8230;&#8230;&#8230;&#8230;. 59<\/p>\n<p><a href=\"https:\/\/nymphaea.mtariicrisurilor.ro\/wp-content\/uploads\/2025\/12\/3-OANA-ALINA-BOIU-SICUIA-GHEORGHE-COTET-ALINA-NICOLETA.pdf\">Full article<\/a><\/p>\n<p>DANIEL-KAZIMIR KURZELUK, ADRIAN GAGIU, IONU\u021a MARIAN DRAGOMIR:<br \/>The catalogue of the \u201dNatura2000\u201d Coleoptera species from the entomological<br \/>collection of the \u201d\u021a\u0103rii Cri\u0219urilor\u201d Museal Complex of Oradea &#8230;&#8230;&#8230;&#8230;&#8230;&#8230;&#8230;&#8230;&#8230;.. 73<\/p>\n<p><a href=\"https:\/\/nymphaea.mtariicrisurilor.ro\/wp-content\/uploads\/2025\/12\/4-DANIEL-KAZIM4-IR-KURZELUK-ADRIAN-GAGIU-IONUT-MARIAN-DRAGOMIR.pdf\">Full article<\/a><\/p>\n<p>J\u00d3ZSEF HORV\u00c1TH, ANDR\u00c1S T\u00d3TH, ANTON WEISSENBACHER, ADRIAN<br \/>GAGIU, GERGELY BERN\u00c1TH, BORB\u00c1LA NAGY, \u00c1D\u00c1M VARGA, ANTAL<br \/>NAGY, GABRIELA GRIGORA\u015e, ILDIK\u00d3 P\u00c1NDI, BENCE IV\u00c1NOVICS, TAM\u00c1S<br \/>M\u00dcLLER: Ex situ conservation works of the thermal rudd (Scardinius racovitzai):<br \/>captive breeding and sperm cryopreservation &#8230;&#8230;&#8230;&#8230;&#8230;&#8230;&#8230;&#8230;&#8230;&#8230;&#8230;&#8230;&#8230;&#8230;&#8230;&#8230;&#8230;. 89<\/p>\n<p><a href=\"https:\/\/nymphaea.mtariicrisurilor.ro\/wp-content\/uploads\/2025\/12\/5-JOZSEF-HORVATH-ANDRAS-TOTH-ANTON-WEISSENBACHER-ADRIAN.pdf\">Full article<\/a><\/p>\n<p>DORINA GOLBAN, ADINA-NICOLETA POP: Rehydration of dehydrated wet<br \/>specimens from the collection of the \u021a\u0103rii Cri\u0219urilor Museum &#8230;&#8230;&#8230;&#8230;&#8230;&#8230;&#8230;&#8230;&#8230; 105<\/p>\n<p><a href=\"https:\/\/nymphaea.mtariicrisurilor.ro\/wp-content\/uploads\/2025\/12\/6-DORINA-GOLBAN-ADINA-NICOLETA-POP.pdf\">Full article<\/a><\/p>\n<p>ERIKA POSMO\u0218ANU: In memoriam Elisabeta Popa &#8230;&#8230;&#8230;&#8230;&#8230;&#8230;&#8230;&#8230;&#8230;&#8230;&#8230;&#8230;&#8230; 123<\/p>\n<p><a href=\"https:\/\/nymphaea.mtariicrisurilor.ro\/wp-content\/uploads\/2025\/12\/7-ERIKA-POSMOSANU.pdf\">Full article<\/a><\/p>\n\t\t\t\t\t\t\t\t<\/div>\n\t\t\t\t<\/div>\n\t\t\t\t<div class=\"elementor-element elementor-element-b262e08 elementor-widget elementor-widget-spacer\" data-id=\"b262e08\" data-element_type=\"widget\" data-widget_type=\"spacer.default\">\n\t\t\t\t<div class=\"elementor-widget-container\">\n\t\t\t\t\t\t\t<div class=\"elementor-spacer\">\n\t\t\t<div class=\"elementor-spacer-inner\"><\/div>\n\t\t<\/div>\n\t\t\t\t\t\t<\/div>\n\t\t\t\t<\/div>\n\t\t\t\t\t<\/div>\n\t\t\t\t<\/div>\n\t\t\t\t\t<\/div>\n\t\t\t\t<\/div>\n\t\t\t\t\t<\/div>\n\t\t\t\t<\/div>\n\t\t\t\t<\/div>\n\t\t","protected":false},"excerpt":{"rendered":"<p>NYMPHAEA 2025 CONTENTS Geology-PaleontologyVLAD A. CODREA, L\u00c1SZL\u00d3 VERESS, ERIKA POSMO\u0218ANU: The Pleistocenevertebrates identified in Ro\u0219iori (Bihor County, northwestern Romania)\u2026\u2026\u2026\u2026\u2026\u2026\u2026\u2026\u2026\u2026. 5 Full article L\u00c1SZL\u00d3 VERESS, VLAD A. CODREA: Sirenians between myth and science &#8230;&#8230;&#8230;&#8230;&#8230;&#8230;&#8230;&#8230; 33 Full article Biology OANA-ALINA BOIU-SICUIA, GHEORGHE COTE\u021a, ALINA-NICOLETAPARASCHIV: Phytopatogens associated with the sweet potato crops cultivatedin Romania &#8230;&#8230;&#8230;&#8230;&#8230;&#8230;&#8230;&#8230;&#8230;&#8230;&#8230;&#8230;&#8230;&#8230;&#8230;&#8230;&#8230;&#8230;&#8230;&#8230;&#8230;&#8230;&#8230;&#8230;&#8230;&#8230;&#8230;&#8230;&#8230;&#8230;&#8230;&#8230;&#8230;&#8230;&#8230;. 59 Full article [&hellip;]<\/p>\n","protected":false},"author":2,"featured_media":0,"parent":0,"menu_order":0,"comment_status":"closed","ping_status":"closed","template":"elementor_header_footer","meta":{"footnotes":""},"class_list":["post-1862","page","type-page","status-publish","hentry"],"_links":{"self":[{"href":"https:\/\/nymphaea.mtariicrisurilor.ro\/en\/wp-json\/wp\/v2\/pages\/1862","targetHints":{"allow":["GET"]}}],"collection":[{"href":"https:\/\/nymphaea.mtariicrisurilor.ro\/en\/wp-json\/wp\/v2\/pages"}],"about":[{"href":"https:\/\/nymphaea.mtariicrisurilor.ro\/en\/wp-json\/wp\/v2\/types\/page"}],"author":[{"embeddable":true,"href":"https:\/\/nymphaea.mtariicrisurilor.ro\/en\/wp-json\/wp\/v2\/users\/2"}],"replies":[{"embeddable":true,"href":"https:\/\/nymphaea.mtariicrisurilor.ro\/en\/wp-json\/wp\/v2\/comments?post=1862"}],"version-history":[{"count":3,"href":"https:\/\/nymphaea.mtariicrisurilor.ro\/en\/wp-json\/wp\/v2\/pages\/1862\/revisions"}],"predecessor-version":[{"id":1865,"href":"https:\/\/nymphaea.mtariicrisurilor.ro\/en\/wp-json\/wp\/v2\/pages\/1862\/revisions\/1865"}],"wp:attachment":[{"href":"https:\/\/nymphaea.mtariicrisurilor.ro\/en\/wp-json\/wp\/v2\/media?parent=1862"}],"curies":[{"name":"wp","href":"https:\/\/api.w.org\/{rel}","templated":true}]}}