{"id":219,"date":"2024-02-08T13:02:07","date_gmt":"2024-02-08T13:02:07","guid":{"rendered":"https:\/\/nymphaea.mtariicrisurilor.ro\/note-to-authors\/"},"modified":"2025-02-12T10:20:09","modified_gmt":"2025-02-12T10:20:09","slug":"note-to-authors","status":"publish","type":"page","link":"https:\/\/nymphaea.mtariicrisurilor.ro\/en\/note-to-authors\/","title":{"rendered":"Note to authors"},"content":{"rendered":"\t\t<div data-elementor-type=\"wp-page\" data-elementor-id=\"219\" class=\"elementor elementor-219 elementor-25\" data-elementor-post-type=\"page\">\n\t\t\t\t<div class=\"elementor-element elementor-element-3d6b91b e-flex e-con-boxed e-con e-parent\" data-id=\"3d6b91b\" data-element_type=\"container\" data-settings=\"{&quot;jet_parallax_layout_list&quot;:[]}\">\n\t\t\t\t\t<div class=\"e-con-inner\">\n\t\t<div class=\"elementor-element elementor-element-c9977a4 e-flex e-con-boxed e-con e-child\" data-id=\"c9977a4\" data-element_type=\"container\" data-settings=\"{&quot;jet_parallax_layout_list&quot;:[]}\">\n\t\t\t\t\t<div class=\"e-con-inner\">\n\t\t\t\t<div class=\"elementor-element elementor-element-8cddb40 elementor-widget elementor-widget-image\" data-id=\"8cddb40\" data-element_type=\"widget\" data-widget_type=\"image.default\">\n\t\t\t\t<div class=\"elementor-widget-container\">\n\t\t\t\t\t\t\t\t\t\t\t\t\t\t\t<img fetchpriority=\"high\" decoding=\"async\" width=\"1024\" height=\"341\" src=\"https:\/\/nymphaea.mtariicrisurilor.ro\/wp-content\/uploads\/2024\/02\/nota-autori-1024x341.webp\" class=\"attachment-large size-large wp-image-122\" alt=\"\" srcset=\"https:\/\/nymphaea.mtariicrisurilor.ro\/wp-content\/uploads\/2024\/02\/nota-autori-1024x341.webp 1024w, https:\/\/nymphaea.mtariicrisurilor.ro\/wp-content\/uploads\/2024\/02\/nota-autori-300x100.webp 300w, https:\/\/nymphaea.mtariicrisurilor.ro\/wp-content\/uploads\/2024\/02\/nota-autori-768x256.webp 768w, https:\/\/nymphaea.mtariicrisurilor.ro\/wp-content\/uploads\/2024\/02\/nota-autori-600x200.webp 600w, https:\/\/nymphaea.mtariicrisurilor.ro\/wp-content\/uploads\/2024\/02\/nota-autori.webp 1200w\" sizes=\"(max-width: 1024px) 100vw, 1024px\" \/>\t\t\t\t\t\t\t\t\t\t\t\t\t\t\t<\/div>\n\t\t\t\t<\/div>\n\t\t<div class=\"elementor-element elementor-element-70be030 e-flex e-con-boxed e-con e-child\" data-id=\"70be030\" data-element_type=\"container\" data-settings=\"{&quot;background_background&quot;:&quot;classic&quot;,&quot;jet_parallax_layout_list&quot;:[]}\">\n\t\t\t\t\t<div class=\"e-con-inner\">\n\t\t\t\t<div class=\"elementor-element elementor-element-c92290e elementor-widget elementor-widget-spacer\" data-id=\"c92290e\" data-element_type=\"widget\" data-widget_type=\"spacer.default\">\n\t\t\t\t<div class=\"elementor-widget-container\">\n\t\t\t\t\t\t\t<div class=\"elementor-spacer\">\n\t\t\t<div class=\"elementor-spacer-inner\"><\/div>\n\t\t<\/div>\n\t\t\t\t\t\t<\/div>\n\t\t\t\t<\/div>\n\t\t\t\t<div class=\"elementor-element elementor-element-04d9f35 elementor-widget elementor-widget-heading\" data-id=\"04d9f35\" data-element_type=\"widget\" data-widget_type=\"heading.default\">\n\t\t\t\t<div class=\"elementor-widget-container\">\n\t\t\t\t\t<h2 class=\"elementor-heading-title elementor-size-default\"><b>Note to<\/b><\/h2>\t\t\t\t<\/div>\n\t\t\t\t<\/div>\n\t\t\t\t<div class=\"elementor-element elementor-element-60e33fb elementor-widget elementor-widget-heading\" data-id=\"60e33fb\" data-element_type=\"widget\" data-widget_type=\"heading.default\">\n\t\t\t\t<div class=\"elementor-widget-container\">\n\t\t\t\t\t<h2 class=\"elementor-heading-title elementor-size-default\">Authors<\/h2>\t\t\t\t<\/div>\n\t\t\t\t<\/div>\n\t\t\t\t<div class=\"elementor-element elementor-element-902bc5e elementor-widget elementor-widget-spacer\" data-id=\"902bc5e\" data-element_type=\"widget\" data-widget_type=\"spacer.default\">\n\t\t\t\t<div class=\"elementor-widget-container\">\n\t\t\t\t\t\t\t<div class=\"elementor-spacer\">\n\t\t\t<div class=\"elementor-spacer-inner\"><\/div>\n\t\t<\/div>\n\t\t\t\t\t\t<\/div>\n\t\t\t\t<\/div>\n\t\t\t\t<div class=\"elementor-element elementor-element-af638c7 elementor-widget elementor-widget-text-editor\" data-id=\"af638c7\" data-element_type=\"widget\" data-widget_type=\"text-editor.default\">\n\t\t\t\t<div class=\"elementor-widget-container\">\n\t\t\t\t\t\t\t\t\t<p><strong>Nymphaea<\/strong>, Folia Naturae Bihariae, is the yearbook of the Natural Sciences Section of the \u021a\u0103rii Cri\u0219urilor Museum (Museum of the Cri\u0219 Rivers Region), Oradea, Romania. Scientific contributions submitted for publication should preferably be written in English, or some articles in the field of environmental protection, heritage, conservation, or restoration will also be accepted in Romanian, with an abstract in English.<\/p>\n<p>Priority will be given to papers dealing with nature research in the Cri\u0219 Rivers Region.<\/p>\n<p>Before acceptance, all manuscripts will be evaluated by the editorial committee and the scientific reviewers. For this purpose, authors are requested to attach to the manuscript a list of at least 2 potential referees in the field and their address (e-mail).<\/p>\n<p><strong>Manuscripts (on a CD or electronically) will be sent to the editorial office:<\/strong><\/p>\n<p>Muzeul \u0162\u0103rii Cri\u015furilor<br \/>\nstr. Armatei Rom\u00e2ne 1\/A, RO-410087 Oradea, Bihor, Romania<br \/>\n<strong>E-mail:<\/strong> <a href=\"mailto:nymphaea.folianaturae@gmail.com\">nymphaea.folianaturae@gmail.com<\/a><\/p>\n\t\t\t\t\t\t\t\t<\/div>\n\t\t\t\t<\/div>\n\t\t\t\t<div class=\"elementor-element elementor-element-2c5c282 elementor-widget elementor-widget-spacer\" data-id=\"2c5c282\" data-element_type=\"widget\" data-widget_type=\"spacer.default\">\n\t\t\t\t<div class=\"elementor-widget-container\">\n\t\t\t\t\t\t\t<div class=\"elementor-spacer\">\n\t\t\t<div class=\"elementor-spacer-inner\"><\/div>\n\t\t<\/div>\n\t\t\t\t\t\t<\/div>\n\t\t\t\t<\/div>\n\t\t\t\t\t<\/div>\n\t\t\t\t<\/div>\n\t\t<div class=\"elementor-element elementor-element-091b5f1 e-flex e-con-boxed e-con e-child\" data-id=\"091b5f1\" data-element_type=\"container\" data-settings=\"{&quot;background_background&quot;:&quot;classic&quot;,&quot;jet_parallax_layout_list&quot;:[],&quot;shape_divider_top&quot;:&quot;triangle&quot;}\">\n\t\t\t\t\t<div class=\"e-con-inner\">\n\t\t\t\t<div class=\"elementor-shape elementor-shape-top\" aria-hidden=\"true\" data-negative=\"false\">\n\t\t\t<svg xmlns=\"http:\/\/www.w3.org\/2000\/svg\" viewBox=\"0 0 1000 100\" preserveAspectRatio=\"none\">\n\t<path class=\"elementor-shape-fill\" d=\"M500,98.9L0,6.1V0h1000v6.1L500,98.9z\"\/>\n<\/svg>\t\t<\/div>\n\t\t\t\t<div class=\"elementor-element elementor-element-1cc56e7 elementor-widget elementor-widget-spacer\" data-id=\"1cc56e7\" data-element_type=\"widget\" data-widget_type=\"spacer.default\">\n\t\t\t\t<div class=\"elementor-widget-container\">\n\t\t\t\t\t\t\t<div class=\"elementor-spacer\">\n\t\t\t<div class=\"elementor-spacer-inner\"><\/div>\n\t\t<\/div>\n\t\t\t\t\t\t<\/div>\n\t\t\t\t<\/div>\n\t\t\t\t<div class=\"elementor-element elementor-element-2ca65b4 elementor-widget elementor-widget-spacer\" data-id=\"2ca65b4\" data-element_type=\"widget\" data-widget_type=\"spacer.default\">\n\t\t\t\t<div class=\"elementor-widget-container\">\n\t\t\t\t\t\t\t<div class=\"elementor-spacer\">\n\t\t\t<div class=\"elementor-spacer-inner\"><\/div>\n\t\t<\/div>\n\t\t\t\t\t\t<\/div>\n\t\t\t\t<\/div>\n\t\t\t\t<div class=\"elementor-element elementor-element-b57758a elementor-widget elementor-widget-text-editor\" data-id=\"b57758a\" data-element_type=\"widget\" data-widget_type=\"text-editor.default\">\n\t\t\t\t<div class=\"elementor-widget-container\">\n\t\t\t\t\t\t\t\t\t<p><strong>Copyright<\/strong><br \/>It is a prerequisite that submitted manuscripts have not been previously published and will not appear in other publications simultaneously. <strong>Nymphaea<\/strong>\u00a0uses the Creative Commons CC BY-NC-ND license and the authors agree that, in the event of acceptance or publication of the work, the copyright of the work will transfer to the publisher.<\/p><p><strong>Drafting instructions<\/strong><br \/>The text of the manuscript should be arranged as follows: title; abstract; keywords (optional); the text of the article, including any acknowledgements to individuals or institutions; works cited; tables; figures; explanation of figures.<\/p><p><strong>The title<\/strong> of the paper should be short and informative, in 12-point bold, centered; the authors&#8217; surnames and names, in italics, should be accompanied by their addresses (including e-mail).<\/p><p><strong>The informative abstract<\/strong> in English (plus the language in which the paper was written) will be in one paragraph, not exceeding 3% of the total length. It will contain the most important ideas of the article as well as the conclusions (abbreviations and citations of works should be avoided).<\/p><p><strong>The full text<\/strong> of the manuscript should be written on two lines (Arial 10-point font), aligned (Justified), in A4 format, leaving at least 3 cm for the left and right margins; all pages should be numbered.<\/p><p><strong>Works cited<\/strong> will be listed in alphabetical order (only works cited in the text). The following model will be used:<\/p><ul><li>Frost, DR. &amp; Hillis, D. M. 1990 &#8211; Species in concept and practice: herpetological applications. Herpetologica 46: 87-104.<\/li><li>Lindemann, R. &amp; Yochelson, E. L. 1994 &#8211; Redescription of Stylolina (Incertae sedis). in: Landing, E. (ed.): Studies in Stratigraphy and paleontology. NewYork State Museum, Bulletin 481: 149-160, New York.<\/li><li>Taylor, T.N. 1981 &#8211; Palaeobotany: An introduction to fossil plant biology (McGraw-Hill Book Co.) New York, 589 pp.<\/li><li>Danciu, M. 1974 &#8211; Geobotanical studies in the southern Baraolt Mountains. PhD thesis, University of Bucharest, Bucharest, 175 pp.<\/li><\/ul><p><strong>Tables<\/strong> should be attached separately (portrait or landscape, saved in separate files: e.g., Table 1, 2, etc., preferably Excel or PDF), each on a separate, unpaginated sheet and should be provided with a table header. This will contain the table number and title (maximum size: 125&#215;175 mm or 175&#215;125 mm).<\/p><p><strong>The figures<\/strong> shall be executed in electronic format and numbered consecutively (Fig. 1, Fig. 2 etc.). After shrinking the figure, the characters used must not be smaller than 2 mm. Figures (diagrams, drawings, photographs) in electronic format, with a maximum size of 125&#215;175 mm, with a minimum resolution of 600 dpi for line drawings and 300 dpi for photographs will be accepted. Figures should be saved as separate files (Figure 1, 2, etc.). The preferred location of the figures should be marked in the manuscript on the right-hand side of the page concerned.<\/p><p>For each article published, each author receives one printed volume of \u201cNymphaea\u201d.<\/p>\t\t\t\t\t\t\t\t<\/div>\n\t\t\t\t<\/div>\n\t\t\t\t<div class=\"elementor-element elementor-element-57c7c59 elementor-widget elementor-widget-spacer\" data-id=\"57c7c59\" data-element_type=\"widget\" data-widget_type=\"spacer.default\">\n\t\t\t\t<div class=\"elementor-widget-container\">\n\t\t\t\t\t\t\t<div class=\"elementor-spacer\">\n\t\t\t<div class=\"elementor-spacer-inner\"><\/div>\n\t\t<\/div>\n\t\t\t\t\t\t<\/div>\n\t\t\t\t<\/div>\n\t\t\t\t\t<\/div>\n\t\t\t\t<\/div>\n\t\t\t\t\t<\/div>\n\t\t\t\t<\/div>\n\t\t\t\t\t<\/div>\n\t\t\t\t<\/div>\n\t\t\t\t<\/div>\n\t\t","protected":false},"excerpt":{"rendered":"<p>Note to Authors Nymphaea, Folia Naturae Bihariae, is the yearbook of the Natural Sciences Section of the \u021a\u0103rii Cri\u0219urilor Museum (Museum of the Cri\u0219 Rivers Region), Oradea, Romania. Scientific contributions submitted for publication should preferably be written in English, or some articles in the field of environmental protection, heritage, conservation, or restoration will also be [&hellip;]<\/p>\n","protected":false},"author":1,"featured_media":0,"parent":0,"menu_order":0,"comment_status":"closed","ping_status":"closed","template":"elementor_header_footer","meta":{"footnotes":""},"class_list":["post-219","page","type-page","status-publish","hentry"],"_links":{"self":[{"href":"https:\/\/nymphaea.mtariicrisurilor.ro\/en\/wp-json\/wp\/v2\/pages\/219","targetHints":{"allow":["GET"]}}],"collection":[{"href":"https:\/\/nymphaea.mtariicrisurilor.ro\/en\/wp-json\/wp\/v2\/pages"}],"about":[{"href":"https:\/\/nymphaea.mtariicrisurilor.ro\/en\/wp-json\/wp\/v2\/types\/page"}],"author":[{"embeddable":true,"href":"https:\/\/nymphaea.mtariicrisurilor.ro\/en\/wp-json\/wp\/v2\/users\/1"}],"replies":[{"embeddable":true,"href":"https:\/\/nymphaea.mtariicrisurilor.ro\/en\/wp-json\/wp\/v2\/comments?post=219"}],"version-history":[{"count":6,"href":"https:\/\/nymphaea.mtariicrisurilor.ro\/en\/wp-json\/wp\/v2\/pages\/219\/revisions"}],"predecessor-version":[{"id":1147,"href":"https:\/\/nymphaea.mtariicrisurilor.ro\/en\/wp-json\/wp\/v2\/pages\/219\/revisions\/1147"}],"wp:attachment":[{"href":"https:\/\/nymphaea.mtariicrisurilor.ro\/en\/wp-json\/wp\/v2\/media?parent=219"}],"curies":[{"name":"wp","href":"https:\/\/api.w.org\/{rel}","templated":true}]}}