{"id":225,"date":"2024-02-08T13:01:46","date_gmt":"2024-02-08T13:01:46","guid":{"rendered":"https:\/\/nymphaea.mtariicrisurilor.ro\/editorial-board\/"},"modified":"2024-03-26T10:29:37","modified_gmt":"2024-03-26T10:29:37","slug":"editorial-board","status":"publish","type":"page","link":"https:\/\/nymphaea.mtariicrisurilor.ro\/en\/editorial-board\/","title":{"rendered":"Editorial board"},"content":{"rendered":"\t\t<div data-elementor-type=\"wp-page\" data-elementor-id=\"225\" class=\"elementor elementor-225 elementor-23\" data-elementor-post-type=\"page\">\n\t\t\t\t<div class=\"elementor-element elementor-element-330c724 e-flex e-con-boxed e-con e-parent\" data-id=\"330c724\" data-element_type=\"container\" data-settings=\"{&quot;jet_parallax_layout_list&quot;:[]}\">\n\t\t\t\t\t<div class=\"e-con-inner\">\n\t\t<div class=\"elementor-element elementor-element-3c81c8d e-flex e-con-boxed e-con e-child\" data-id=\"3c81c8d\" data-element_type=\"container\" data-settings=\"{&quot;jet_parallax_layout_list&quot;:[]}\">\n\t\t\t\t\t<div class=\"e-con-inner\">\n\t\t<div class=\"elementor-element elementor-element-2aa8d1f e-flex e-con-boxed e-con e-child\" data-id=\"2aa8d1f\" data-element_type=\"container\" data-settings=\"{&quot;background_background&quot;:&quot;classic&quot;,&quot;jet_parallax_layout_list&quot;:[]}\">\n\t\t\t\t\t<div class=\"e-con-inner\">\n\t\t\t\t<div class=\"elementor-element elementor-element-b225d6e elementor-widget elementor-widget-spacer\" data-id=\"b225d6e\" data-element_type=\"widget\" data-widget_type=\"spacer.default\">\n\t\t\t\t<div class=\"elementor-widget-container\">\n\t\t\t\t\t\t\t<div class=\"elementor-spacer\">\n\t\t\t<div class=\"elementor-spacer-inner\"><\/div>\n\t\t<\/div>\n\t\t\t\t\t\t<\/div>\n\t\t\t\t<\/div>\n\t\t\t\t<div class=\"elementor-element elementor-element-2a70b96 elementor-widget elementor-widget-heading\" data-id=\"2a70b96\" data-element_type=\"widget\" data-widget_type=\"heading.default\">\n\t\t\t\t<div class=\"elementor-widget-container\">\n\t\t\t\t\t<h2 class=\"elementor-heading-title elementor-size-default\">Editorial<\/h2>\t\t\t\t<\/div>\n\t\t\t\t<\/div>\n\t\t\t\t<div class=\"elementor-element elementor-element-829f423 elementor-widget elementor-widget-heading\" data-id=\"829f423\" data-element_type=\"widget\" data-widget_type=\"heading.default\">\n\t\t\t\t<div class=\"elementor-widget-container\">\n\t\t\t\t\t<h2 class=\"elementor-heading-title elementor-size-default\"><b>BOARD<\/b><\/h2>\t\t\t\t<\/div>\n\t\t\t\t<\/div>\n\t\t\t\t<div class=\"elementor-element elementor-element-2f15550 elementor-widget elementor-widget-spacer\" data-id=\"2f15550\" data-element_type=\"widget\" data-widget_type=\"spacer.default\">\n\t\t\t\t<div class=\"elementor-widget-container\">\n\t\t\t\t\t\t\t<div class=\"elementor-spacer\">\n\t\t\t<div class=\"elementor-spacer-inner\"><\/div>\n\t\t<\/div>\n\t\t\t\t\t\t<\/div>\n\t\t\t\t<\/div>\n\t\t\t\t<div class=\"elementor-element elementor-element-5e5c0de elementor-widget elementor-widget-text-editor\" data-id=\"5e5c0de\" data-element_type=\"widget\" data-widget_type=\"text-editor.default\">\n\t\t\t\t<div class=\"elementor-widget-container\">\n\t\t\t\t\t\t\t\t\t<p><strong>Editor in chief:<\/strong> Dr. M\u00c1RTON VENCZEL<br \/>\n<strong>Executive editor:<\/strong> ADRIAN GAGIU<br \/>\n<strong>Editorial staff:<\/strong> ADINA NICOLETA POP, ERIKA POSMO\u015eANU, DORINA GOLBAN, L\u00c1SZL\u00d3 VERESS<\/p>\n\t\t\t\t\t\t\t\t<\/div>\n\t\t\t\t<\/div>\n\t\t\t\t<div class=\"elementor-element elementor-element-e0a5812 elementor-widget elementor-widget-spacer\" data-id=\"e0a5812\" data-element_type=\"widget\" data-widget_type=\"spacer.default\">\n\t\t\t\t<div class=\"elementor-widget-container\">\n\t\t\t\t\t\t\t<div class=\"elementor-spacer\">\n\t\t\t<div class=\"elementor-spacer-inner\"><\/div>\n\t\t<\/div>\n\t\t\t\t\t\t<\/div>\n\t\t\t\t<\/div>\n\t\t\t\t\t<\/div>\n\t\t\t\t<\/div>\n\t\t<div class=\"elementor-element elementor-element-fff247c e-flex e-con-boxed e-con e-child\" data-id=\"fff247c\" data-element_type=\"container\" data-settings=\"{&quot;background_background&quot;:&quot;classic&quot;,&quot;jet_parallax_layout_list&quot;:[]}\">\n\t\t\t\t\t<div class=\"e-con-inner\">\n\t\t\t\t<div class=\"elementor-element elementor-element-84f3da4 elementor-widget elementor-widget-spacer\" data-id=\"84f3da4\" data-element_type=\"widget\" data-widget_type=\"spacer.default\">\n\t\t\t\t<div class=\"elementor-widget-container\">\n\t\t\t\t\t\t\t<div class=\"elementor-spacer\">\n\t\t\t<div class=\"elementor-spacer-inner\"><\/div>\n\t\t<\/div>\n\t\t\t\t\t\t<\/div>\n\t\t\t\t<\/div>\n\t\t\t\t<div class=\"elementor-element elementor-element-0b07fae elementor-widget elementor-widget-heading\" data-id=\"0b07fae\" data-element_type=\"widget\" data-widget_type=\"heading.default\">\n\t\t\t\t<div class=\"elementor-widget-container\">\n\t\t\t\t\t<h2 class=\"elementor-heading-title elementor-size-default\">Members of the<\/h2>\t\t\t\t<\/div>\n\t\t\t\t<\/div>\n\t\t\t\t<div class=\"elementor-element elementor-element-5ea4dda elementor-widget elementor-widget-heading\" data-id=\"5ea4dda\" data-element_type=\"widget\" data-widget_type=\"heading.default\">\n\t\t\t\t<div class=\"elementor-widget-container\">\n\t\t\t\t\t<h2 class=\"elementor-heading-title elementor-size-default\"><b>SCIENTIFIC COMMITTEE<\/b><\/h2>\t\t\t\t<\/div>\n\t\t\t\t<\/div>\n\t\t\t\t<div class=\"elementor-element elementor-element-c3e5572 elementor-widget elementor-widget-spacer\" data-id=\"c3e5572\" data-element_type=\"widget\" data-widget_type=\"spacer.default\">\n\t\t\t\t<div class=\"elementor-widget-container\">\n\t\t\t\t\t\t\t<div class=\"elementor-spacer\">\n\t\t\t<div class=\"elementor-spacer-inner\"><\/div>\n\t\t<\/div>\n\t\t\t\t\t\t<\/div>\n\t\t\t\t<\/div>\n\t\t\t\t<div class=\"elementor-element elementor-element-0e11892 elementor-widget elementor-widget-text-editor\" data-id=\"0e11892\" data-element_type=\"widget\" data-widget_type=\"text-editor.default\">\n\t\t\t\t<div class=\"elementor-widget-container\">\n\t\t\t\t\t\t\t\t\t<p>Acad. Dan Cog\u0103lniceanu, <a href=\"https:\/\/www.univ-ovidius.ro\/\" target=\"_blank\" rel=\"noopener\"><strong>Universitatea Ovidius, Constan\u021ba<\/strong><\/a><br \/>\nProf. dr. Vlad Codrea, <a href=\"https:\/\/www.ubbcluj.ro\/ro\/\" target=\"_blank\" rel=\"noopener\"><strong>Universitatea Babe\u0219-Bolyai, Cluj-Napoca<\/strong><\/a><br \/>\nDr. Zolt\u00e1n Szentesi, <a href=\"http:\/\/www.nhmus.hu\/\" target=\"_blank\" rel=\"noopener\"><strong>Muzeul Na\u021bional de Istorie Natural\u0103, Budapesta, Ungaria<\/strong><\/a><br \/>\nProf. dr. Massimo Olmi, <a href=\"https:\/\/www.unitus.it\/en\/\" target=\"_blank\" rel=\"noopener\"><strong>Universita degli Studi della Tuscia, Viterbo, Italy<\/strong><\/a><br \/>\nDr. J\u00f3zsef P\u00e1l Frink, <a href=\"https:\/\/icas.ro\/\" target=\"_blank\" rel=\"noopener\"><strong>Institutul Na\u021bional de Cercetare-Dezvoltare \u00een Silvicultur\u0103 \u201dMarin Dr\u0103cea\u201d, Voluntari<\/strong><\/a><br \/>\nConf. dr. Ioan S\u00e2rbu, <a href=\"https:\/\/www.ulbsibiu.ro\/ro\/\" target=\"_blank\" rel=\"noopener\"><strong>Universitatea \u201eLucian Blaga\u201d, Sibiu<\/strong><\/a><br \/>\nDr. Angela Petrescu, <a href=\"https:\/\/antipa.ro\/\" target=\"_blank\" rel=\"noopener\"><strong>Muzeul Na\u021bional de Istorie Natural\u0103 \u201eGrigore Antipa\u201d, Bucure\u0219ti<\/strong><\/a><br \/>\nDr. Mihai St\u0103nescu,\u00a0<strong><a href=\"https:\/\/antipa.ro\/\" target=\"_blank\" rel=\"noopener\">Muzeul Na\u021bional de Istorie Natural\u0103 \u201dGrigore Antipa\u201d, Bucure\u0219ti<\/a><\/strong><\/p>\n\t\t\t\t\t\t\t\t<\/div>\n\t\t\t\t<\/div>\n\t\t\t\t<div class=\"elementor-element elementor-element-90ae62b elementor-widget elementor-widget-spacer\" data-id=\"90ae62b\" data-element_type=\"widget\" data-widget_type=\"spacer.default\">\n\t\t\t\t<div class=\"elementor-widget-container\">\n\t\t\t\t\t\t\t<div class=\"elementor-spacer\">\n\t\t\t<div class=\"elementor-spacer-inner\"><\/div>\n\t\t<\/div>\n\t\t\t\t\t\t<\/div>\n\t\t\t\t<\/div>\n\t\t\t\t\t<\/div>\n\t\t\t\t<\/div>\n\t\t\t\t\t<\/div>\n\t\t\t\t<\/div>\n\t\t\t\t\t<\/div>\n\t\t\t\t<\/div>\n\t\t\t\t<\/div>\n\t\t","protected":false},"excerpt":{"rendered":"<p>Editorial BOARD Editor in chief: Dr. M\u00c1RTON VENCZEL Executive editor: ADRIAN GAGIU Editorial staff: ADINA NICOLETA POP, ERIKA POSMO\u015eANU, DORINA GOLBAN, L\u00c1SZL\u00d3 VERESS Members of the SCIENTIFIC COMMITTEE Acad. Dan Cog\u0103lniceanu, Universitatea Ovidius, Constan\u021ba Prof. dr. Vlad Codrea, Universitatea Babe\u0219-Bolyai, Cluj-Napoca Dr. Zolt\u00e1n Szentesi, Muzeul Na\u021bional de Istorie Natural\u0103, Budapesta, Ungaria Prof. dr. Massimo Olmi, [&hellip;]<\/p>\n","protected":false},"author":1,"featured_media":0,"parent":0,"menu_order":0,"comment_status":"closed","ping_status":"closed","template":"elementor_header_footer","meta":{"footnotes":""},"class_list":["post-225","page","type-page","status-publish","hentry"],"_links":{"self":[{"href":"https:\/\/nymphaea.mtariicrisurilor.ro\/en\/wp-json\/wp\/v2\/pages\/225","targetHints":{"allow":["GET"]}}],"collection":[{"href":"https:\/\/nymphaea.mtariicrisurilor.ro\/en\/wp-json\/wp\/v2\/pages"}],"about":[{"href":"https:\/\/nymphaea.mtariicrisurilor.ro\/en\/wp-json\/wp\/v2\/types\/page"}],"author":[{"embeddable":true,"href":"https:\/\/nymphaea.mtariicrisurilor.ro\/en\/wp-json\/wp\/v2\/users\/1"}],"replies":[{"embeddable":true,"href":"https:\/\/nymphaea.mtariicrisurilor.ro\/en\/wp-json\/wp\/v2\/comments?post=225"}],"version-history":[{"count":3,"href":"https:\/\/nymphaea.mtariicrisurilor.ro\/en\/wp-json\/wp\/v2\/pages\/225\/revisions"}],"predecessor-version":[{"id":768,"href":"https:\/\/nymphaea.mtariicrisurilor.ro\/en\/wp-json\/wp\/v2\/pages\/225\/revisions\/768"}],"wp:attachment":[{"href":"https:\/\/nymphaea.mtariicrisurilor.ro\/en\/wp-json\/wp\/v2\/media?parent=225"}],"curies":[{"name":"wp","href":"https:\/\/api.w.org\/{rel}","templated":true}]}}